{"id":230,"date":"2014-07-20T12:30:51","date_gmt":"2014-07-20T11:30:51","guid":{"rendered":"http:\/\/www.alaincornu.com\/?page_id=230"},"modified":"2016-11-17T16:27:45","modified_gmt":"2016-11-17T15:27:45","slug":"credits-mentions-legales","status":"publish","type":"page","link":"https:\/\/www.alaincornu.com\/en\/credits-mentions-legales\/","title":{"rendered":"Credits"},"content":{"rendered":"<p><\/p>\n<h2 style=\"text-align: center;\">RAISON SOCIALE<\/h2>\n<p style=\"text-align: center;\"><strong>Alain Cornu<\/strong><br \/> Num\u00e9ro SIRET :<\/p>\n<p style=\"text-align: center;\">33, rue de l\u2019Ermitage \u2013 75020 Paris<\/p>\n<p style=\"text-align: center;\">T\u00e9l. :\u00a0+ 33 (0) 1 46 36 10 90<\/p>\n<p style=\"text-align: center;\"><a title=\"www.alaincornu.com\" href=\"https:\/\/www.alaincornu.com\" target=\"_blank\">www.alaincornu.com<\/a><\/p>\n<h2 class=\"p1\" style=\"font-weight: 400; color: rgba(32, 33, 36, 0.901961); text-align: center;\"><span style=\"color: #ffffff;\">.<\/span><\/h2>\n<h2 class=\"p1\" style=\"font-weight: 400; color: rgba(32, 33, 36, 0.901961); text-align: center;\"><span style=\"color: #ffffff;\">.<\/span><\/h2>\n<h2 style=\"text-align: center;\">RESPONSABLES \u00c9DITORIAUX<\/h2>\n<p style=\"text-align: center;\"><strong>Alain Cornu<\/strong><\/p>\n<p style=\"text-align: center;\">Email :\u00a0<a title=\"alaincornu.photo@orange.fr\" href=\"mailto:alaincornu.photo@orange.fr\" target=\"_blank\">alaincornu.photo@orange.fr<\/a><\/p>\n<h2 class=\"p1\" style=\"font-weight: 400; color: rgba(32, 33, 36, 0.901961); text-align: center;\"><span style=\"color: #ffffff;\">.<\/span><\/h2>\n<h2 class=\"p1\" style=\"font-weight: 400; color: rgba(32, 33, 36, 0.901961); text-align: center;\"><span style=\"color: #ffffff;\">.<\/span><\/h2>\n<h2 style=\"text-align: center;\">H\u00c9BERGEUR<\/h2>\n<p style=\"text-align: center;\"><strong>OVH<\/strong> \u2013 2 rue Kellermann<\/p>\n<p style=\"text-align: center;\">59100 Roubaix \u2013 France<\/p>\n<p style=\"text-align: center;\"><a title=\"\u2028www.ovh.com\" href=\"http:\/\/\u2028www.ovh.com\" target=\"_blank\">\u2028www.ovh.com<\/a><\/p>\n<h2 style=\"font-weight: 400; color: rgba(32, 33, 36, 0.901961); text-align: center;\">\u00a0<\/h2>\n<h2 class=\"p1\" style=\"font-weight: 400; color: rgba(32, 33, 36, 0.901961); text-align: center;\"><span style=\"color: #ffffff;\">.<\/span><\/h2>\n<h2 style=\"text-align: center;\">CONCEPTION GRAPHIQUE<br \/> &amp;\u00a0R\u00c9ALISATION<\/h2>\n<p style=\"text-align: center;\"><strong>Rapha\u00ebl Tardif<\/strong><\/p>\n<p style=\"text-align: center;\"><a title=\"www.raphaeltardif.fr\" href=\"http:\/\/www.raphaeltardif.fr\/\" target=\"_blank\">www.raphaeltardif.fr<\/a><\/p>\n<h2 class=\"p1\" style=\"font-weight: 400; color: rgba(32, 33, 36, 0.901961); text-align: center;\"><span style=\"color: #ffffff;\">.<\/span><\/h2>\n<h2 class=\"p1\" style=\"font-weight: 400; color: rgba(32, 33, 36, 0.901961); text-align: center;\"><span style=\"color: #ffffff;\">.<\/span><\/h2>\n<\/p>\n<p><\/p>","protected":false},"excerpt":{"rendered":"RAISON SOCIALE Alain Cornu Num\u00e9ro SIRET : 33, rue de l\u2019Ermitage \u2013 75020 Paris T\u00e9l. :\u00a0+ 33 (0) 1 46 36 10 90 www.alaincornu.com . . RESPONSABLES \u00c9DITORIAUX Alain Cornu Email :\u00a0alaincornu.photo@orange.fr . . H\u00c9BERGEUR OVH \u2013 2 rue Kellermann 59100 Roubaix \u2013 France \u2028www.ovh.com \u00a0 . CONCEPTION GRAPHIQUE &amp;\u00a0R\u00c9ALISATION Rapha\u00ebl Tardif www.raphaeltardif.fr . .","protected":false},"author":2,"featured_media":0,"parent":0,"menu_order":3,"comment_status":"closed","ping_status":"closed","template":"","meta":[],"acf":[],"yoast_head":"<!-- This site is optimized with the Yoast SEO plugin v20.8 - https:\/\/yoast.com\/wordpress\/plugins\/seo\/ -->\n<title>Cr\u00e9dits &amp; Mentions L\u00e9gales Credits | Alain Cornu | Photographe | Photographer<\/title>\n<meta name=\"robots\" content=\"index, follow, max-snippet:-1, max-image-preview:large, max-video-preview:-1\" \/>\n<link rel=\"canonical\" href=\"https:\/\/www.alaincornu.com\/credits-mentions-legales\/\" \/>\n<meta property=\"og:locale\" content=\"en_US\" \/>\n<meta property=\"og:type\" content=\"article\" \/>\n<meta property=\"og:title\" content=\"Cr\u00e9dits &amp; Mentions L\u00e9gales Credits | Alain Cornu | Photographe | Photographer\" \/>\n<meta property=\"og:description\" content=\"RAISON SOCIALE Alain Cornu Num\u00e9ro SIRET : 33, rue de l\u2019Ermitage \u2013 75020 Paris T\u00e9l. :\u00a0+ 33 (0) 1 46 36 10 90 www.alaincornu.com . . RESPONSABLES \u00c9DITORIAUX Alain Cornu Email :\u00a0alaincornu.photo@orange.fr . . H\u00c9BERGEUR OVH \u2013 2 rue Kellermann 59100 Roubaix \u2013 France \u2028www.ovh.com \u00a0 . CONCEPTION GRAPHIQUE &amp;\u00a0R\u00c9ALISATION Rapha\u00ebl Tardif www.raphaeltardif.fr . .\" \/>\n<meta property=\"og:url\" content=\"https:\/\/www.alaincornu.com\/credits-mentions-legales\/\" \/>\n<meta property=\"og:site_name\" content=\"Alain Cornu | Photographe | Photographer\" \/>\n<meta property=\"article:modified_time\" content=\"2016-11-17T15:27:45+00:00\" \/>\n<script type=\"application\/ld+json\" class=\"yoast-schema-graph\">{\"@context\":\"https:\/\/schema.org\",\"@graph\":[{\"@type\":\"WebPage\",\"@id\":\"https:\/\/www.alaincornu.com\/credits-mentions-legales\/\",\"url\":\"https:\/\/www.alaincornu.com\/credits-mentions-legales\/\",\"name\":\"Cr\u00e9dits & Mentions L\u00e9gales Credits | Alain Cornu | Photographe | Photographer\",\"isPartOf\":{\"@id\":\"https:\/\/www.alaincornu.com\/#website\"},\"datePublished\":\"2014-07-20T11:30:51+00:00\",\"dateModified\":\"2016-11-17T15:27:45+00:00\",\"breadcrumb\":{\"@id\":\"https:\/\/www.alaincornu.com\/credits-mentions-legales\/#breadcrumb\"},\"inLanguage\":\"en-EN\",\"potentialAction\":[{\"@type\":\"ReadAction\",\"target\":[\"https:\/\/www.alaincornu.com\/credits-mentions-legales\/\"]}]},{\"@type\":\"BreadcrumbList\",\"@id\":\"https:\/\/www.alaincornu.com\/credits-mentions-legales\/#breadcrumb\",\"itemListElement\":[{\"@type\":\"ListItem\",\"position\":1,\"name\":\"Accueil\",\"item\":\"https:\/\/www.alaincornu.com\/\"},{\"@type\":\"ListItem\",\"position\":2,\"name\":\"Cr\u00e9dits &#038; Mentions L\u00e9gales\"}]},{\"@type\":\"WebSite\",\"@id\":\"https:\/\/www.alaincornu.com\/#website\",\"url\":\"https:\/\/www.alaincornu.com\/\",\"name\":\"Alain Cornu | Photographe | Photographer\",\"description\":\"\",\"potentialAction\":[{\"@type\":\"SearchAction\",\"target\":{\"@type\":\"EntryPoint\",\"urlTemplate\":\"https:\/\/www.alaincornu.com\/?s={search_term_string}\"},\"query-input\":\"required name=search_term_string\"}],\"inLanguage\":\"en-EN\"}]}<\/script>\n<!-- \/ Yoast SEO plugin. -->","yoast_head_json":{"title":"Cr\u00e9dits & Mentions L\u00e9gales Credits | Alain Cornu | Photographe | Photographer","robots":{"index":"index","follow":"follow","max-snippet":"max-snippet:-1","max-image-preview":"max-image-preview:large","max-video-preview":"max-video-preview:-1"},"canonical":"https:\/\/www.alaincornu.com\/credits-mentions-legales\/","og_locale":"en_US","og_type":"article","og_title":"Cr\u00e9dits & Mentions L\u00e9gales Credits | Alain Cornu | Photographe | Photographer","og_description":"RAISON SOCIALE Alain Cornu Num\u00e9ro SIRET : 33, rue de l\u2019Ermitage \u2013 75020 Paris T\u00e9l. :\u00a0+ 33 (0) 1 46 36 10 90 www.alaincornu.com . . RESPONSABLES \u00c9DITORIAUX Alain Cornu Email :\u00a0alaincornu.photo@orange.fr . . H\u00c9BERGEUR OVH \u2013 2 rue Kellermann 59100 Roubaix \u2013 France \u2028www.ovh.com \u00a0 . CONCEPTION GRAPHIQUE &amp;\u00a0R\u00c9ALISATION Rapha\u00ebl Tardif www.raphaeltardif.fr . .","og_url":"https:\/\/www.alaincornu.com\/credits-mentions-legales\/","og_site_name":"Alain Cornu | Photographe | Photographer","article_modified_time":"2016-11-17T15:27:45+00:00","schema":{"@context":"https:\/\/schema.org","@graph":[{"@type":"WebPage","@id":"https:\/\/www.alaincornu.com\/credits-mentions-legales\/","url":"https:\/\/www.alaincornu.com\/credits-mentions-legales\/","name":"Cr\u00e9dits & Mentions L\u00e9gales Credits | Alain Cornu | Photographe | Photographer","isPartOf":{"@id":"https:\/\/www.alaincornu.com\/#website"},"datePublished":"2014-07-20T11:30:51+00:00","dateModified":"2016-11-17T15:27:45+00:00","breadcrumb":{"@id":"https:\/\/www.alaincornu.com\/credits-mentions-legales\/#breadcrumb"},"inLanguage":"en-EN","potentialAction":[{"@type":"ReadAction","target":["https:\/\/www.alaincornu.com\/credits-mentions-legales\/"]}]},{"@type":"BreadcrumbList","@id":"https:\/\/www.alaincornu.com\/credits-mentions-legales\/#breadcrumb","itemListElement":[{"@type":"ListItem","position":1,"name":"Accueil","item":"https:\/\/www.alaincornu.com\/"},{"@type":"ListItem","position":2,"name":"Cr\u00e9dits &#038; Mentions L\u00e9gales"}]},{"@type":"WebSite","@id":"https:\/\/www.alaincornu.com\/#website","url":"https:\/\/www.alaincornu.com\/","name":"Alain Cornu | Photographe | Photographer","description":"","potentialAction":[{"@type":"SearchAction","target":{"@type":"EntryPoint","urlTemplate":"https:\/\/www.alaincornu.com\/?s={search_term_string}"},"query-input":"required name=search_term_string"}],"inLanguage":"en-EN"}]}},"_links":{"self":[{"href":"https:\/\/www.alaincornu.com\/en\/wp-json\/wp\/v2\/pages\/230"}],"collection":[{"href":"https:\/\/www.alaincornu.com\/en\/wp-json\/wp\/v2\/pages"}],"about":[{"href":"https:\/\/www.alaincornu.com\/en\/wp-json\/wp\/v2\/types\/page"}],"author":[{"embeddable":true,"href":"https:\/\/www.alaincornu.com\/en\/wp-json\/wp\/v2\/users\/2"}],"replies":[{"embeddable":true,"href":"https:\/\/www.alaincornu.com\/en\/wp-json\/wp\/v2\/comments?post=230"}],"version-history":[{"count":4,"href":"https:\/\/www.alaincornu.com\/en\/wp-json\/wp\/v2\/pages\/230\/revisions"}],"predecessor-version":[{"id":593,"href":"https:\/\/www.alaincornu.com\/en\/wp-json\/wp\/v2\/pages\/230\/revisions\/593"}],"wp:attachment":[{"href":"https:\/\/www.alaincornu.com\/en\/wp-json\/wp\/v2\/media?parent=230"}],"curies":[{"name":"wp","href":"https:\/\/api.w.org\/{rel}","templated":true}]}}